{"id":6693,"date":"2021-08-30T19:14:44","date_gmt":"2021-08-30T17:14:44","guid":{"rendered":"https:\/\/www.beetrader.eu\/?page_id=6693"},"modified":"2026-01-14T10:42:17","modified_gmt":"2026-01-14T09:42:17","slug":"lataa","status":"publish","type":"page","link":"https:\/\/www.beetrader.eu\/fi\/lataa\/","title":{"rendered":"Lataa"},"content":{"rendered":"<p>Kaikki beeTrader ohjelmistot vaativat toimiakseen Windows 7 \u2013 SP.1 tai uudemman, Net 4.8 tai uudemman, v\u00e4hint\u00e4\u00e4n CPU Dual Core 2.00 GHz tasoisen prosessorin, 4 GB keskusmuistia ja 2GB kiintolevytilaa.<\/p>\n<p>Ohjelmistot lataavat dataa internetist\u00e4 ja n\u00e4in ollen sinun tulee varmistaa, ett\u00e4 ohjelmistolla on p\u00e4\u00e4sy internetiin ja ett\u00e4 esimerkiksi virusohjelmosto ei ole t\u00e4t\u00e4 p\u00e4\u00e4sy\u00e4 internetiin est\u00e4m\u00e4ss\u00e4.<\/p>\n<p>Asentaaksesi ohjelmiston koneellesi sinulla tulee olla p\u00e4\u00e4k\u00e4ytt\u00e4j\u00e4oikeudet.<\/p>\n<p>&nbsp;<\/p>\n","protected":false},"excerpt":{"rendered":"<p>Kaikki beeTrader ohjelmistot vaativat toimiakseen Windows 7 \u2013 SP.1 tai uudemman, Net 4.8 tai uudemman, v\u00e4hint\u00e4\u00e4n CPU Dual Core 2.00 GHz tasoisen prosessorin, 4 GB keskusmuistia ja 2GB kiintolevytilaa. Ohjelmistot lataavat dataa internetist\u00e4 ja n\u00e4in ollen sinun tulee varmistaa, ett\u00e4 ohjelmistolla on p\u00e4\u00e4sy internetiin ja ett\u00e4 esimerkiksi virusohjelmosto ei ole t\u00e4t\u00e4 p\u00e4\u00e4sy\u00e4 internetiin est\u00e4m\u00e4ss\u00e4. Asentaaksesi [&hellip;]<\/p>\n","protected":false},"author":6,"featured_media":0,"parent":0,"menu_order":0,"comment_status":"closed","ping_status":"closed","template":"","meta":{"_acf_changed":false,"footnotes":""},"class_list":["post-6693","page","type-page","status-publish","hentry"],"acf":[],"yoast_head":"<!-- This site is optimized with the Yoast SEO plugin v26.4 - https:\/\/yoast.com\/wordpress\/plugins\/seo\/ -->\n<title>Lataa - beeTrader Trading Platform<\/title>\n<meta name=\"robots\" content=\"index, follow, max-snippet:-1, max-image-preview:large, max-video-preview:-1\" \/>\n<link rel=\"canonical\" href=\"https:\/\/www.beetrader.eu\/fi\/lataa\/\" \/>\n<meta property=\"og:locale\" content=\"fi_FI\" \/>\n<meta property=\"og:type\" content=\"article\" \/>\n<meta property=\"og:title\" content=\"Lataa - beeTrader Trading Platform\" \/>\n<meta property=\"og:description\" content=\"Kaikki beeTrader ohjelmistot vaativat toimiakseen Windows 7 \u2013 SP.1 tai uudemman, Net 4.8 tai uudemman, v\u00e4hint\u00e4\u00e4n CPU Dual Core 2.00 GHz tasoisen prosessorin, 4 GB keskusmuistia ja 2GB kiintolevytilaa. Ohjelmistot lataavat dataa internetist\u00e4 ja n\u00e4in ollen sinun tulee varmistaa, ett\u00e4 ohjelmistolla on p\u00e4\u00e4sy internetiin ja ett\u00e4 esimerkiksi virusohjelmosto ei ole t\u00e4t\u00e4 p\u00e4\u00e4sy\u00e4 internetiin est\u00e4m\u00e4ss\u00e4. Asentaaksesi [&hellip;]\" \/>\n<meta property=\"og:url\" content=\"https:\/\/www.beetrader.eu\/fi\/lataa\/\" \/>\n<meta property=\"og:site_name\" content=\"beeTrader Trading Platform\" \/>\n<meta property=\"article:modified_time\" content=\"2026-01-14T09:42:17+00:00\" \/>\n<meta name=\"twitter:card\" content=\"summary_large_image\" \/>\n<meta name=\"twitter:label1\" content=\"Arvioitu lukuaika\" \/>\n\t<meta name=\"twitter:data1\" content=\"1 minuutti\" \/>\n<script type=\"application\/ld+json\" class=\"yoast-schema-graph\">{\"@context\":\"https:\/\/schema.org\",\"@graph\":[{\"@type\":\"WebPage\",\"@id\":\"https:\/\/www.beetrader.eu\/fi\/lataa\/\",\"url\":\"https:\/\/www.beetrader.eu\/fi\/lataa\/\",\"name\":\"Lataa - beeTrader Trading Platform\",\"isPartOf\":{\"@id\":\"https:\/\/www.beetrader.eu\/#website\"},\"datePublished\":\"2021-08-30T17:14:44+00:00\",\"dateModified\":\"2026-01-14T09:42:17+00:00\",\"breadcrumb\":{\"@id\":\"https:\/\/www.beetrader.eu\/fi\/lataa\/#breadcrumb\"},\"inLanguage\":\"fi\",\"potentialAction\":[{\"@type\":\"ReadAction\",\"target\":[\"https:\/\/www.beetrader.eu\/fi\/lataa\/\"]}]},{\"@type\":\"BreadcrumbList\",\"@id\":\"https:\/\/www.beetrader.eu\/fi\/lataa\/#breadcrumb\",\"itemListElement\":[{\"@type\":\"ListItem\",\"position\":1,\"name\":\"Home\",\"item\":\"https:\/\/www.beetrader.eu\/fi\/\"},{\"@type\":\"ListItem\",\"position\":2,\"name\":\"Lataa\"}]},{\"@type\":\"WebSite\",\"@id\":\"https:\/\/www.beetrader.eu\/#website\",\"url\":\"https:\/\/www.beetrader.eu\/\",\"name\":\"beeTrader Trading Platform\",\"description\":\"La piattaforma per il Trading Online a misura di trader\",\"potentialAction\":[{\"@type\":\"SearchAction\",\"target\":{\"@type\":\"EntryPoint\",\"urlTemplate\":\"https:\/\/www.beetrader.eu\/?s={search_term_string}\"},\"query-input\":{\"@type\":\"PropertyValueSpecification\",\"valueRequired\":true,\"valueName\":\"search_term_string\"}}],\"inLanguage\":\"fi\"}]}<\/script>\n<!-- \/ Yoast SEO plugin. -->","yoast_head_json":{"title":"Lataa - beeTrader Trading Platform","robots":{"index":"index","follow":"follow","max-snippet":"max-snippet:-1","max-image-preview":"max-image-preview:large","max-video-preview":"max-video-preview:-1"},"canonical":"https:\/\/www.beetrader.eu\/fi\/lataa\/","og_locale":"fi_FI","og_type":"article","og_title":"Lataa - beeTrader Trading Platform","og_description":"Kaikki beeTrader ohjelmistot vaativat toimiakseen Windows 7 \u2013 SP.1 tai uudemman, Net 4.8 tai uudemman, v\u00e4hint\u00e4\u00e4n CPU Dual Core 2.00 GHz tasoisen prosessorin, 4 GB keskusmuistia ja 2GB kiintolevytilaa. Ohjelmistot lataavat dataa internetist\u00e4 ja n\u00e4in ollen sinun tulee varmistaa, ett\u00e4 ohjelmistolla on p\u00e4\u00e4sy internetiin ja ett\u00e4 esimerkiksi virusohjelmosto ei ole t\u00e4t\u00e4 p\u00e4\u00e4sy\u00e4 internetiin est\u00e4m\u00e4ss\u00e4. Asentaaksesi [&hellip;]","og_url":"https:\/\/www.beetrader.eu\/fi\/lataa\/","og_site_name":"beeTrader Trading Platform","article_modified_time":"2026-01-14T09:42:17+00:00","twitter_card":"summary_large_image","twitter_misc":{"Arvioitu lukuaika":"1 minuutti"},"schema":{"@context":"https:\/\/schema.org","@graph":[{"@type":"WebPage","@id":"https:\/\/www.beetrader.eu\/fi\/lataa\/","url":"https:\/\/www.beetrader.eu\/fi\/lataa\/","name":"Lataa - beeTrader Trading Platform","isPartOf":{"@id":"https:\/\/www.beetrader.eu\/#website"},"datePublished":"2021-08-30T17:14:44+00:00","dateModified":"2026-01-14T09:42:17+00:00","breadcrumb":{"@id":"https:\/\/www.beetrader.eu\/fi\/lataa\/#breadcrumb"},"inLanguage":"fi","potentialAction":[{"@type":"ReadAction","target":["https:\/\/www.beetrader.eu\/fi\/lataa\/"]}]},{"@type":"BreadcrumbList","@id":"https:\/\/www.beetrader.eu\/fi\/lataa\/#breadcrumb","itemListElement":[{"@type":"ListItem","position":1,"name":"Home","item":"https:\/\/www.beetrader.eu\/fi\/"},{"@type":"ListItem","position":2,"name":"Lataa"}]},{"@type":"WebSite","@id":"https:\/\/www.beetrader.eu\/#website","url":"https:\/\/www.beetrader.eu\/","name":"beeTrader Trading Platform","description":"La piattaforma per il Trading Online a misura di trader","potentialAction":[{"@type":"SearchAction","target":{"@type":"EntryPoint","urlTemplate":"https:\/\/www.beetrader.eu\/?s={search_term_string}"},"query-input":{"@type":"PropertyValueSpecification","valueRequired":true,"valueName":"search_term_string"}}],"inLanguage":"fi"}]}},"_links":{"self":[{"href":"https:\/\/www.beetrader.eu\/fi\/wp-json\/wp\/v2\/pages\/6693\/"}],"collection":[{"href":"https:\/\/www.beetrader.eu\/fi\/wp-json\/wp\/v2\/pages\/"}],"about":[{"href":"https:\/\/www.beetrader.eu\/fi\/wp-json\/wp\/v2\/types\/page\/"}],"author":[{"embeddable":true,"href":"https:\/\/www.beetrader.eu\/fi\/wp-json\/wp\/v2\/users\/6\/"}],"replies":[{"embeddable":true,"href":"https:\/\/www.beetrader.eu\/fi\/wp-json\/wp\/v2\/comments\/?post=6693"}],"version-history":[{"count":45,"href":"https:\/\/www.beetrader.eu\/fi\/wp-json\/wp\/v2\/pages\/6693\/revisions\/"}],"predecessor-version":[{"id":10641,"href":"https:\/\/www.beetrader.eu\/fi\/wp-json\/wp\/v2\/pages\/6693\/revisions\/10641\/"}],"wp:attachment":[{"href":"https:\/\/www.beetrader.eu\/fi\/wp-json\/wp\/v2\/media\/?parent=6693"}],"curies":[{"name":"wp","href":"https:\/\/api.w.org\/{rel}","templated":true}]}}