{"id":6688,"date":"2019-08-30T17:46:14","date_gmt":"2019-08-30T15:46:14","guid":{"rendered":"https:\/\/www.beetrader.eu\/?page_id=6688"},"modified":"2023-11-29T16:56:53","modified_gmt":"2023-11-29T15:56:53","slug":"valittajat","status":"publish","type":"page","link":"https:\/\/www.beetrader.eu\/fi\/valittajat\/","title":{"rendered":"V\u00e4litt\u00e4j\u00e4t"},"content":{"rendered":"","protected":false},"excerpt":{"rendered":"","protected":false},"author":1,"featured_media":0,"parent":0,"menu_order":0,"comment_status":"closed","ping_status":"closed","template":"","meta":{"_acf_changed":false,"footnotes":""},"class_list":["post-6688","page","type-page","status-publish","hentry"],"acf":[],"yoast_head":"<!-- This site is optimized with the Yoast SEO plugin v26.4 - https:\/\/yoast.com\/wordpress\/plugins\/seo\/ -->\n<title>V\u00e4litt\u00e4j\u00e4t - beeTrader Trading Platform<\/title>\n<meta name=\"description\" content=\"Interactive Broker, Saxo Bank, Deribit ja monia muita v\u00e4litt\u00e4ji\u00e4 voidaan k\u00e4ytt\u00e4\u00e4 beeTraderin kanssa vaihtoehtojen parantamiseen\" \/>\n<meta name=\"robots\" content=\"index, follow, max-snippet:-1, max-image-preview:large, max-video-preview:-1\" \/>\n<link rel=\"canonical\" href=\"https:\/\/www.beetrader.eu\/fi\/valittajat\/\" \/>\n<meta property=\"og:locale\" content=\"fi_FI\" \/>\n<meta property=\"og:type\" content=\"article\" \/>\n<meta property=\"og:title\" content=\"V\u00e4litt\u00e4j\u00e4t - beeTrader Trading Platform\" \/>\n<meta property=\"og:description\" content=\"Interactive Broker, Saxo Bank, Deribit ja monia muita v\u00e4litt\u00e4ji\u00e4 voidaan k\u00e4ytt\u00e4\u00e4 beeTraderin kanssa vaihtoehtojen parantamiseen\" \/>\n<meta property=\"og:url\" content=\"https:\/\/www.beetrader.eu\/fi\/valittajat\/\" \/>\n<meta property=\"og:site_name\" content=\"beeTrader Trading Platform\" \/>\n<meta property=\"article:modified_time\" content=\"2023-11-29T15:56:53+00:00\" \/>\n<meta name=\"twitter:card\" content=\"summary_large_image\" \/>\n<script type=\"application\/ld+json\" class=\"yoast-schema-graph\">{\"@context\":\"https:\/\/schema.org\",\"@graph\":[{\"@type\":\"WebPage\",\"@id\":\"https:\/\/www.beetrader.eu\/fi\/valittajat\/\",\"url\":\"https:\/\/www.beetrader.eu\/fi\/valittajat\/\",\"name\":\"V\u00e4litt\u00e4j\u00e4t - beeTrader Trading Platform\",\"isPartOf\":{\"@id\":\"https:\/\/www.beetrader.eu\/#website\"},\"datePublished\":\"2019-08-30T15:46:14+00:00\",\"dateModified\":\"2023-11-29T15:56:53+00:00\",\"description\":\"Interactive Broker, Saxo Bank, Deribit ja monia muita v\u00e4litt\u00e4ji\u00e4 voidaan k\u00e4ytt\u00e4\u00e4 beeTraderin kanssa vaihtoehtojen parantamiseen\",\"breadcrumb\":{\"@id\":\"https:\/\/www.beetrader.eu\/fi\/valittajat\/#breadcrumb\"},\"inLanguage\":\"fi\",\"potentialAction\":[{\"@type\":\"ReadAction\",\"target\":[\"https:\/\/www.beetrader.eu\/fi\/valittajat\/\"]}]},{\"@type\":\"BreadcrumbList\",\"@id\":\"https:\/\/www.beetrader.eu\/fi\/valittajat\/#breadcrumb\",\"itemListElement\":[{\"@type\":\"ListItem\",\"position\":1,\"name\":\"Home\",\"item\":\"https:\/\/www.beetrader.eu\/fi\/\"},{\"@type\":\"ListItem\",\"position\":2,\"name\":\"V\u00e4litt\u00e4j\u00e4t\"}]},{\"@type\":\"WebSite\",\"@id\":\"https:\/\/www.beetrader.eu\/#website\",\"url\":\"https:\/\/www.beetrader.eu\/\",\"name\":\"beeTrader Trading Platform\",\"description\":\"La piattaforma per il Trading Online a misura di trader\",\"potentialAction\":[{\"@type\":\"SearchAction\",\"target\":{\"@type\":\"EntryPoint\",\"urlTemplate\":\"https:\/\/www.beetrader.eu\/?s={search_term_string}\"},\"query-input\":{\"@type\":\"PropertyValueSpecification\",\"valueRequired\":true,\"valueName\":\"search_term_string\"}}],\"inLanguage\":\"fi\"}]}<\/script>\n<!-- \/ Yoast SEO plugin. -->","yoast_head_json":{"title":"V\u00e4litt\u00e4j\u00e4t - beeTrader Trading Platform","description":"Interactive Broker, Saxo Bank, Deribit ja monia muita v\u00e4litt\u00e4ji\u00e4 voidaan k\u00e4ytt\u00e4\u00e4 beeTraderin kanssa vaihtoehtojen parantamiseen","robots":{"index":"index","follow":"follow","max-snippet":"max-snippet:-1","max-image-preview":"max-image-preview:large","max-video-preview":"max-video-preview:-1"},"canonical":"https:\/\/www.beetrader.eu\/fi\/valittajat\/","og_locale":"fi_FI","og_type":"article","og_title":"V\u00e4litt\u00e4j\u00e4t - beeTrader Trading Platform","og_description":"Interactive Broker, Saxo Bank, Deribit ja monia muita v\u00e4litt\u00e4ji\u00e4 voidaan k\u00e4ytt\u00e4\u00e4 beeTraderin kanssa vaihtoehtojen parantamiseen","og_url":"https:\/\/www.beetrader.eu\/fi\/valittajat\/","og_site_name":"beeTrader Trading Platform","article_modified_time":"2023-11-29T15:56:53+00:00","twitter_card":"summary_large_image","schema":{"@context":"https:\/\/schema.org","@graph":[{"@type":"WebPage","@id":"https:\/\/www.beetrader.eu\/fi\/valittajat\/","url":"https:\/\/www.beetrader.eu\/fi\/valittajat\/","name":"V\u00e4litt\u00e4j\u00e4t - beeTrader Trading Platform","isPartOf":{"@id":"https:\/\/www.beetrader.eu\/#website"},"datePublished":"2019-08-30T15:46:14+00:00","dateModified":"2023-11-29T15:56:53+00:00","description":"Interactive Broker, Saxo Bank, Deribit ja monia muita v\u00e4litt\u00e4ji\u00e4 voidaan k\u00e4ytt\u00e4\u00e4 beeTraderin kanssa vaihtoehtojen parantamiseen","breadcrumb":{"@id":"https:\/\/www.beetrader.eu\/fi\/valittajat\/#breadcrumb"},"inLanguage":"fi","potentialAction":[{"@type":"ReadAction","target":["https:\/\/www.beetrader.eu\/fi\/valittajat\/"]}]},{"@type":"BreadcrumbList","@id":"https:\/\/www.beetrader.eu\/fi\/valittajat\/#breadcrumb","itemListElement":[{"@type":"ListItem","position":1,"name":"Home","item":"https:\/\/www.beetrader.eu\/fi\/"},{"@type":"ListItem","position":2,"name":"V\u00e4litt\u00e4j\u00e4t"}]},{"@type":"WebSite","@id":"https:\/\/www.beetrader.eu\/#website","url":"https:\/\/www.beetrader.eu\/","name":"beeTrader Trading Platform","description":"La piattaforma per il Trading Online a misura di trader","potentialAction":[{"@type":"SearchAction","target":{"@type":"EntryPoint","urlTemplate":"https:\/\/www.beetrader.eu\/?s={search_term_string}"},"query-input":{"@type":"PropertyValueSpecification","valueRequired":true,"valueName":"search_term_string"}}],"inLanguage":"fi"}]}},"_links":{"self":[{"href":"https:\/\/www.beetrader.eu\/fi\/wp-json\/wp\/v2\/pages\/6688\/"}],"collection":[{"href":"https:\/\/www.beetrader.eu\/fi\/wp-json\/wp\/v2\/pages\/"}],"about":[{"href":"https:\/\/www.beetrader.eu\/fi\/wp-json\/wp\/v2\/types\/page\/"}],"author":[{"embeddable":true,"href":"https:\/\/www.beetrader.eu\/fi\/wp-json\/wp\/v2\/users\/1\/"}],"replies":[{"embeddable":true,"href":"https:\/\/www.beetrader.eu\/fi\/wp-json\/wp\/v2\/comments\/?post=6688"}],"version-history":[{"count":18,"href":"https:\/\/www.beetrader.eu\/fi\/wp-json\/wp\/v2\/pages\/6688\/revisions\/"}],"predecessor-version":[{"id":10474,"href":"https:\/\/www.beetrader.eu\/fi\/wp-json\/wp\/v2\/pages\/6688\/revisions\/10474\/"}],"wp:attachment":[{"href":"https:\/\/www.beetrader.eu\/fi\/wp-json\/wp\/v2\/media\/?parent=6688"}],"curies":[{"name":"wp","href":"https:\/\/api.w.org\/{rel}","templated":true}]}}